{"id":3,"date":"2022-03-04T13:22:17","date_gmt":"2022-03-04T12:22:17","guid":{"rendered":"http:\/\/solar-depot.de\/?page_id=3"},"modified":"2025-03-04T14:33:39","modified_gmt":"2025-03-04T13:33:39","slug":"impressum","status":"publish","type":"page","link":"https:\/\/solar-depot.de\/en\/impressum\/","title":{"rendered":"Imprint"},"content":{"rendered":"<p>[et_pb_section fb_built=&#8220;1&#8243; _builder_version=&#8220;4.16&#8243; global_colors_info=&#8220;{}&#8220;][et_pb_row _builder_version=&#8220;4.16&#8243; background_size=&#8220;initial&#8220; background_position=&#8220;top_left&#8220; background_repeat=&#8220;repeat&#8220; global_colors_info=&#8220;{}&#8220;][et_pb_column type=&#8220;4_4&#8243; _builder_version=&#8220;4.16&#8243; custom_padding=&#8220;|||&#8220; global_colors_info=&#8220;{}&#8220; custom_padding__hover=&#8220;|||&#8220;][et_pb_text _builder_version=&#8220;4.16&#8243; text_font=&#8220;Libre Franklin||||||||&#8220; background_size=&#8220;initial&#8220; background_position=&#8220;top_left&#8220; background_repeat=&#8220;repeat&#8220; global_colors_info=&#8220;{}&#8220;]<!-- divi:heading --><\/p>\n<div class=\"et_pb_module et_pb_text et_pb_text_0  et_pb_text_align_left et_pb_bg_layout_light\">\n<div class=\"et_pb_text_inner\">\n<h1>Imprint<\/h1>\n<\/div>\n<\/div>\n<div class=\"et_pb_module et_pb_text et_pb_text_1  et_pb_text_align_left et_pb_bg_layout_light\">\n<div class=\"et_pb_text_inner\">\n<div><b>Solar Depot GmbH<\/b><\/div>\n<div><b>\u00a0<\/b><\/div>\n<div><span style=\"font-size: 14px;\">Senator-Braun-Allee 1<\/span><\/div>\n<div><span style=\"font-size: 14px;\">31135 Hildesheim<\/span><\/div>\n<div><b><span><\/span><\/b><\/div>\n<div><b><span><\/span><\/b><\/div>\n<div><b><span><\/span><\/b><\/div>\n<div><b><span><br \/>Represented by:<\/span><\/b><\/div>\n<div><\/div>\n<div>Dr. Heinz &#8211; Peter Judenau, Gesch\u00e4ftsf\u00fchrer<\/div>\n<div><\/div>\n<div><\/div>\n<div><b><span><br \/>Contact<\/span><\/b><\/div>\n<div><\/div>\n<div>Telefon: 05121\/60 68 150<\/div>\n<div><span style=\"font-size: 14px;\">E-Mail: info(at)solar-depot.de<\/span><\/div>\n<div><\/div>\n<div><b><span><br \/>Register entry:<\/span><\/b><\/div>\n<div><\/div>\n<div>Eintragung im Handelsregister.<\/div>\n<div>Registergericht: AG Hildesheim<\/div>\n<div>Registernummer: 208068<\/div>\n<div><\/div>\n<div><b><span><br \/>ID<\/span><\/b><\/div>\n<div><\/div>\n<div>Umsatzsteuer-Identifikationsnummer gem\u00e4\u00df \u00a727 a Umsatzsteuergesetz:<\/div>\n<div>DE <span>351421113<\/span><\/div>\n<div><\/div>\n<div><b><span><br \/>Disclaimer:<\/span><\/b><\/div>\n<div><\/div>\n<div>Liability for content<\/div>\n<div><\/div>\n<div>The contents of our pages were created with great care. However, we cannot guarantee that the content is correct, complete or up-to-date. As a service provider, we are responsible for our own content on these pages in accordance with general laws in accordance with Section 7 Paragraph 1 TMG. However, according to Sections 8 to 10 TMG, as a service provider we are not obliged to monitor transmitted or stored third-party information or to investigate circumstances that indicate illegal activity. Obligations to remove or block the use of information in accordance with general law remain unaffected. However, liability in this regard is only possible from the time of knowledge of a specific legal violation. If we become aware of any corresponding legal violations, we will immediately remove this content.<\/div>\n<div><\/div>\n<div>Liability for links<\/div>\n<div><\/div>\n<div>Our offer contains links to external third-party websites over whose content we have no influence. We therefore cannot assume any liability for this external content. The respective provider or operator of the pages is always responsible for the content of the linked pages. The linked pages were checked for possible legal violations at the time of linking. Illegal content was not apparent at the time of linking. However, permanent control of the content of the linked pages is unreasonable without concrete evidence of a legal violation. If we become aware of any legal violations, we will immediately remove such links.<\/div>\n<div><\/div>\n<div>Copyright<\/div>\n<div><\/div>\n<div>The content and works on these pages created by the site operators are subject to German copyright law. Reproduction, processing, distribution and any kind of exploitation outside the limits of copyright law require the written consent of the respective author or creator. Downloads and copies of this page are only permitted for private, non-commercial use. If the content on this site was not created by the operator, the copyrights of third parties are respected. In particular contents of third parties are marked as such. Should you nevertheless become aware of a copyright infringement, we ask that you notify us accordingly. If we become aware of any legal violations, we will immediately remove such content.<\/div>\n<div><\/div>\n<div>Privacy<\/div>\n<div><\/div>\n<div>It is generally possible to use our website without providing any personal data. As far as personal data (e.g. name, address or e-mail addresses) is collected on our pages, this is always done, as far as possible, on a voluntary basis. This data will not be passed on to third parties without your express consent.<\/div>\n<div><\/div>\n<div>We inform you that data transmission on the Internet (e.g. communication by e-mail) may have security gaps. A complete protection of the data against access by third parties is not possible.<\/div>\n<div><\/div>\n<div>The use of contact details published as part of the imprint obligation by third parties to send unsolicited advertising and information materials is hereby expressly prohibited. The operators of the pages expressly reserve the right to take legal action in the event of unsolicited advertising information being sent, such as spam emails.<\/div>\n<div><\/div>\n<div>Source: Disclaimer from eRecht24, the portal for internet law by lawyer S\u00f6ren Siebert.<\/div>\n<\/div>\n<\/div>\n<p>&nbsp;<\/p>\n<p>&nbsp;<\/p>\n<p>&nbsp;<\/p>\n<p>&nbsp;<\/p>\n<p>&nbsp;<\/p>\n<p>&nbsp;<\/p>\n<p>&nbsp;<\/p>\n<p>&nbsp;<\/p>\n<p>&nbsp;<\/p>\n<p><!-- \/divi:paragraph -->[\/et_pb_text][\/et_pb_column][\/et_pb_row][\/et_pb_section]<\/p>","protected":false},"excerpt":{"rendered":"<p>Impressum Solar Depot GmbH \u00a0 Senator-Braun-Allee 1 31135 Hildesheim Vertreten durch: Dr. Heinz &#8211; Peter Judenau, Gesch\u00e4ftsf\u00fchrer Kontakt: Telefon: 05121\/60 68 150 E-Mail: info(at)solar-depot.de Registereintrag: Eintragung im Handelsregister. Registergericht: AG Hildesheim Registernummer: 208068 Umsatzsteuer-ID: Umsatzsteuer-Identifikationsnummer gem\u00e4\u00df \u00a727 a Umsatzsteuergesetz: DE 351421113 Haftungsausschluss: Haftung f\u00fcr Inhalte Die Inhalte unserer Seiten wurden mit gr\u00f6\u00dfter Sorgfalt erstellt. F\u00fcr [&hellip;]<\/p>","protected":false},"author":1,"featured_media":0,"parent":0,"menu_order":0,"comment_status":"closed","ping_status":"open","template":"","meta":{"_et_pb_use_builder":"on","_et_pb_old_content":"<!-- wp:heading -->\n<h2>Who we are<\/h2>\n<!-- \/wp:heading -->\n\n<!-- wp:paragraph -->\n<p><strong class=\"privacy-policy-tutorial\">Suggested text: <\/strong>Our website address is: http:\/\/solar-depot.de.<\/p>\n<!-- \/wp:paragraph -->\n\n<!-- wp:heading -->\n<h2>Comments<\/h2>\n<!-- \/wp:heading -->\n\n<!-- wp:paragraph -->\n<p><strong class=\"privacy-policy-tutorial\">Suggested text: <\/strong>When visitors leave comments on the site we collect the data shown in the comments form, and also the visitor\u2019s IP address and browser user agent string to help spam detection.<\/p>\n<!-- \/wp:paragraph -->\n\n<!-- wp:paragraph -->\n<p>An anonymized string created from your email address (also called a hash) may be provided to the Gravatar service to see if you are using it. The Gravatar service privacy policy is available here: https:\/\/automattic.com\/privacy\/. After approval of your comment, your profile picture is visible to the public in the context of your comment.<\/p>\n<!-- \/wp:paragraph -->\n\n<!-- wp:heading -->\n<h2>Media<\/h2>\n<!-- \/wp:heading -->\n\n<!-- wp:paragraph -->\n<p><strong class=\"privacy-policy-tutorial\">Suggested text: <\/strong>If you upload images to the website, you should avoid uploading images with embedded location data (EXIF GPS) included. Visitors to the website can download and extract any location data from images on the website.<\/p>\n<!-- \/wp:paragraph -->\n\n<!-- wp:heading -->\n<h2>Cookies<\/h2>\n<!-- \/wp:heading -->\n\n<!-- wp:paragraph -->\n<p><strong class=\"privacy-policy-tutorial\">Suggested text: <\/strong>If you leave a comment on our site you may opt-in to saving your name, email address and website in cookies. These are for your convenience so that you do not have to fill in your details again when you leave another comment. These cookies will last for one year.<\/p>\n<!-- \/wp:paragraph -->\n\n<!-- wp:paragraph -->\n<p>If you visit our login page, we will set a temporary cookie to determine if your browser accepts cookies. This cookie contains no personal data and is discarded when you close your browser.<\/p>\n<!-- \/wp:paragraph -->\n\n<!-- wp:paragraph -->\n<p>When you log in, we will also set up several cookies to save your login information and your screen display choices. Login cookies last for two days, and screen options cookies last for a year. If you select \"Remember Me\", your login will persist for two weeks. If you log out of your account, the login cookies will be removed.<\/p>\n<!-- \/wp:paragraph -->\n\n<!-- wp:paragraph -->\n<p>If you edit or publish an article, an additional cookie will be saved in your browser. This cookie includes no personal data and simply indicates the post ID of the article you just edited. It expires after 1 day.<\/p>\n<!-- \/wp:paragraph -->\n\n<!-- wp:heading -->\n<h2>Embedded content from other websites<\/h2>\n<!-- \/wp:heading -->\n\n<!-- wp:paragraph -->\n<p><strong class=\"privacy-policy-tutorial\">Suggested text: <\/strong>Articles on this site may include embedded content (e.g. videos, images, articles, etc.). Embedded content from other websites behaves in the exact same way as if the visitor has visited the other website.<\/p>\n<!-- \/wp:paragraph -->\n\n<!-- wp:paragraph -->\n<p>These websites may collect data about you, use cookies, embed additional third-party tracking, and monitor your interaction with that embedded content, including tracking your interaction with the embedded content if you have an account and are logged in to that website.<\/p>\n<!-- \/wp:paragraph -->\n\n<!-- wp:heading -->\n<h2>Who we share your data with<\/h2>\n<!-- \/wp:heading -->\n\n<!-- wp:paragraph -->\n<p><strong class=\"privacy-policy-tutorial\">Suggested text: <\/strong>If you request a password reset, your IP address will be included in the reset email.<\/p>\n<!-- \/wp:paragraph -->\n\n<!-- wp:heading -->\n<h2>How long we retain your data<\/h2>\n<!-- \/wp:heading -->\n\n<!-- wp:paragraph -->\n<p><strong class=\"privacy-policy-tutorial\">Suggested text: <\/strong>If you leave a comment, the comment and its metadata are retained indefinitely. This is so we can recognize and approve any follow-up comments automatically instead of holding them in a moderation queue.<\/p>\n<!-- \/wp:paragraph -->\n\n<!-- wp:paragraph -->\n<p>For users that register on our website (if any), we also store the personal information they provide in their user profile. All users can see, edit, or delete their personal information at any time (except they cannot change their username). Website administrators can also see and edit that information.<\/p>\n<!-- \/wp:paragraph -->\n\n<!-- wp:heading -->\n<h2>What rights you have over your data<\/h2>\n<!-- \/wp:heading -->\n\n<!-- wp:paragraph -->\n<p><strong class=\"privacy-policy-tutorial\">Suggested text: <\/strong>If you have an account on this site, or have left comments, you can request to receive an exported file of the personal data we hold about you, including any data you have provided to us. You can also request that we erase any personal data we hold about you. This does not include any data we are obliged to keep for administrative, legal, or security purposes.<\/p>\n<!-- \/wp:paragraph -->\n\n<!-- wp:heading -->\n<h2>Where we send your data<\/h2>\n<!-- \/wp:heading -->\n\n<!-- wp:paragraph -->\n<p><strong class=\"privacy-policy-tutorial\">Suggested text: <\/strong>Visitor comments may be checked through an automated spam detection service.<\/p>\n<!-- \/wp:paragraph -->","_et_gb_content_width":"","footnotes":""},"class_list":["post-3","page","type-page","status-publish","hentry"],"_links":{"self":[{"href":"https:\/\/solar-depot.de\/en\/wp-json\/wp\/v2\/pages\/3","targetHints":{"allow":["GET"]}}],"collection":[{"href":"https:\/\/solar-depot.de\/en\/wp-json\/wp\/v2\/pages"}],"about":[{"href":"https:\/\/solar-depot.de\/en\/wp-json\/wp\/v2\/types\/page"}],"author":[{"embeddable":true,"href":"https:\/\/solar-depot.de\/en\/wp-json\/wp\/v2\/users\/1"}],"replies":[{"embeddable":true,"href":"https:\/\/solar-depot.de\/en\/wp-json\/wp\/v2\/comments?post=3"}],"version-history":[{"count":10,"href":"https:\/\/solar-depot.de\/en\/wp-json\/wp\/v2\/pages\/3\/revisions"}],"predecessor-version":[{"id":50905,"href":"https:\/\/solar-depot.de\/en\/wp-json\/wp\/v2\/pages\/3\/revisions\/50905"}],"wp:attachment":[{"href":"https:\/\/solar-depot.de\/en\/wp-json\/wp\/v2\/media?parent=3"}],"curies":[{"name":"wp","href":"https:\/\/api.w.org\/{rel}","templated":true}]}}